{"id":1300,"date":"2018-01-19T21:17:35","date_gmt":"2018-01-19T21:17:35","guid":{"rendered":"https:\/\/virluberlu.com\/?page_id=1300"},"modified":"2019-10-11T18:30:13","modified_gmt":"2019-10-11T18:30:13","slug":"qui-sommes-nous","status":"publish","type":"page","link":"https:\/\/www.virluberlu.com\/?page_id=1300","title":{"rendered":"Qui sommes nous ?"},"content":{"rendered":"<p><img loading=\"lazy\" decoding=\"async\" class=\" wp-image-1404 alignnone\" src=\"https:\/\/virluberlu.com\/wp-content\/uploads\/2018\/01\/Virginie-photo.png\" alt=\"\" width=\"684\" height=\"302\"><\/p>\n<p style=\"text-align: justify;\">35 ans, r\u00eaveuse, curieuse, ouverte d&rsquo;esprit, belfortaine, souriante, aventuri\u00e8re mais pas trop, professeur&nbsp;des \u00e9coles, patiente, peut-\u00eatre trop.&nbsp;J&rsquo;aime la photo, le chanteur Cali, mon chat, les choses&nbsp;simples, les gens, le monde, m\u00eame si je suis inqui\u00e8te \u00e0&nbsp;son propos, les s\u00e9ries, lire, voyager, prendre le train, l&rsquo;Ecosse.&nbsp;Je ne suis&nbsp;pas mat\u00e9rialiste. Je suis nulle en dessin.&nbsp;<\/p>\nngg_shortcode_0_placeholder\n<p style=\"text-align: justify;\">Je n&rsquo;ai pas peur des araign\u00e9es, ni des petites b\u00eates. Je dors beaucoup, n&rsquo;importe&nbsp;o\u00f9, dans n&rsquo;importe quelle position. J&rsquo;observe beaucoup. Je ne parle pas vraiment bien anglais. J&rsquo;ai une t\u00eate \u00e0 chapeau.&nbsp;Je n&rsquo;aime pas les choux de Bruxelles, les images trop violentes au JT, quand les&nbsp;enfants \u00ab\u00a0jouent \u00e0 la&nbsp;guerre\u00a0\u00bb, les gens susceptibles.&nbsp;<\/p>\n<p style=\"text-align: justify;\">Je suis d\u00e9j\u00e0 partie seule en&nbsp;voyage, fait de la&nbsp;montgolfi\u00e8re et du chien de&nbsp;traineau.&nbsp;J&rsquo;aimerais faire du parapente, du cheval, aller en Norv\u00e8ge, au Canada, observer les orangs-outans &nbsp;en Asie et les chimpanz\u00e9s en Afrique, marcher sur la grande muraille de&nbsp;Chine, me trouver petite face au Machu Picchu, voir une baleine de pr\u00e8s, \u00eatre subjugu\u00e9e face \u00e0 une aurore bor\u00e9ale, en prendre plein les yeux dans l&rsquo;ouest am\u00e9ricain&#8230;&nbsp;Je retournerai en Ecosse. Bient\u00f4t. Il le faut.<\/p>\n<p style=\"text-align: justify;\">J&rsquo;ai les pieds bien sur terre, mais la t\u00eate tourn\u00e9e vers les \u00e9toiles.&nbsp;<\/p>\n<p><img loading=\"lazy\" decoding=\"async\" class=\"wp-image-1351 alignleft\" src=\"https:\/\/virluberlu.com\/wp-content\/uploads\/2018\/01\/Quiraing-300x200.jpg\" alt=\"\" width=\"398\" height=\"266\"><\/p>\n<p>&nbsp;<\/p>\n<p>&nbsp;<\/p>\n<p>&nbsp;<\/p>\n<p>&nbsp;<\/p>\n<p>&nbsp;<\/p>\n<p>&nbsp;<\/p>\n<p>&nbsp;<\/p>\n<p>&nbsp;<\/p>\n<hr>\n<p><img loading=\"lazy\" decoding=\"async\" class=\"wp-image-1402 alignnone\" src=\"https:\/\/virluberlu.com\/wp-content\/uploads\/2018\/01\/Luc-photo.png\" alt=\"\" width=\"617\" height=\"505\"><\/p>\n<p style=\"text-align: justify;\">44 ans. J\u2019habite sur une p\u00e9niche que j\u2019ai am\u00e9nag\u00e9e moi-m\u00eame.&nbsp;Je plonge partout o\u00f9 il y a de l\u2019eau.&nbsp;J&rsquo;ai un grand gar\u00e7on de 18 ans, Louis, dont je suis plut\u00f4t fier, et qui est le webmaster de ce blog.&nbsp;Pas musicien, mais il m\u2019arrive de taper sur ma batterie rouge pour me d\u00e9fouler.&nbsp;Je voyage beaucoup pour mon travail. Je&nbsp;suis une quiche en blind test.&nbsp;Je suis breton, expatri\u00e9 en Franche Comt\u00e9.&nbsp;J\u2019aime beaucoup l\u2019expression \u00ab bon \u00e0 rien mais pr\u00eat \u00e0 tout \u00bb, je trouve qu\u2019elle me correspond bien.&nbsp;J\u2019aime rencontrer des gens et d\u00e9couvrir d\u2019autres cultures.&nbsp;<\/p>\nngg_shortcode_1_placeholder\n<p style=\"text-align: justify;\">Je suis bricoleur. J\u2019ai une m\u00e9moire de poisson rouge.&nbsp;Je r\u00eave de grands espaces. Je touche un peu \u00e0 tous les sports, pourvu que ce soit en ext\u00e9rieur. J\u2019ai peur des chevaux et des grands animaux en g\u00e9n\u00e9ral.&nbsp;Je suis allergique au riz, et oui c\u2019est rare\u2026&nbsp;La distance de la mer m\u2019a pouss\u00e9 \u00e0 devenir marin d\u2019eau douce.&nbsp;Je suis aussi motard du dimanche.&nbsp;Je kiffe d\u00e9couper des l\u00e9gumes.&nbsp;Je ne supporte pas les couteaux qui ne coupent pas.&nbsp;J\u2019ai d\u00e9j\u00e0 eu la chance de pagayer en t\u00eate \u00e0 t\u00eate avec une baleine.<\/p>\n<p style=\"text-align: justify;\">Le bonheur, ce n\u2019est pas avoir tout ce qu\u2019on d\u00e9sir, mais continuer \u00e0 d\u00e9sirer ce qu\u2019on a d\u00e9j\u00e0&#8230;<\/p>\n<p><img loading=\"lazy\" decoding=\"async\" class=\"wp-image-1361 alignleft\" src=\"https:\/\/virluberlu.com\/wp-content\/uploads\/2018\/01\/P\u00e9niche-300x200.jpeg\" alt=\"\" width=\"407\" height=\"272\"><\/p>\n<p>&nbsp;<\/p>\n<p>&nbsp;<\/p>\n<p>&nbsp;<\/p>\n<p>&nbsp;<\/p>\n<p>&nbsp;<\/p>\n<p>&nbsp;<\/p>\n<p>&nbsp;<\/p>\n<p>&nbsp;<\/p>\n<hr>\n<p><img loading=\"lazy\" decoding=\"async\" class=\"wp-image-1403 alignnone\" src=\"https:\/\/virluberlu.com\/wp-content\/uploads\/2018\/01\/Virgi-Luc-Louis-photo.png\" alt=\"\" width=\"783\" height=\"306\"><\/p>\n<p style=\"text-align: justify;\">Un blog \u00e0 six mains : Virginie pour les photos, Luc pour la vid\u00e9o et les photos de plong\u00e9e, le couple pour les articles, Louis pour le c\u00f4t\u00e9 technique.&nbsp;<\/p>\n<p style=\"text-align: justify;\">Pourquoi ?&nbsp;<\/p>\n<p>\u2192&nbsp;pour que nos proches puissent nous suivre ;<\/p>\n<p>\u2192 pour nous, pour garder une trace de nos aventures ;<\/p>\n<p>\u2192 pour tous les autres, afin de partager nos exp\u00e9riences.&nbsp;<\/p>\n<p style=\"text-align: justify;\">Comment ?<\/p>\n<p style=\"text-align: justify;\">\u2192 avec des photos,<\/p>\n<p style=\"text-align: justify;\">\u2192 de la vid\u00e9o,<\/p>\n<p style=\"text-align: justify;\">\u2192 des articles par destination.<\/p>\n<p>&nbsp;<\/p>\n<p><img loading=\"lazy\" decoding=\"async\" class=\"aligncenter wp-image-1342 \" src=\"https:\/\/virluberlu.com\/wp-content\/uploads\/2018\/01\/Luc-Virgi-Saint-Malo-1024x768.jpg\" alt=\"\" width=\"659\" height=\"494\"><\/p>\n","protected":false},"excerpt":{"rendered":"<p>35 ans, r\u00eaveuse, curieuse, ouverte d&rsquo;esprit, belfortaine, souriante, aventuri\u00e8re mais pas trop, professeur&nbsp;des \u00e9coles, patiente, peut-\u00eatre trop.&nbsp;J&rsquo;aime la photo, le chanteur Cali, mon chat, les choses&nbsp;simples, les gens, le monde, m\u00eame si je suis inqui\u00e8te \u00e0&nbsp;son propos, les s\u00e9ries, lire, [&hellip;]<\/p>\n","protected":false},"author":4,"featured_media":0,"parent":0,"menu_order":0,"comment_status":"closed","ping_status":"closed","template":"page_r.php","meta":{"ngg_post_thumbnail":0,"footnotes":""},"class_list":["post-1300","page","type-page","status-publish","hentry"],"_links":{"self":[{"href":"https:\/\/www.virluberlu.com\/index.php?rest_route=\/wp\/v2\/pages\/1300","targetHints":{"allow":["GET"]}}],"collection":[{"href":"https:\/\/www.virluberlu.com\/index.php?rest_route=\/wp\/v2\/pages"}],"about":[{"href":"https:\/\/www.virluberlu.com\/index.php?rest_route=\/wp\/v2\/types\/page"}],"author":[{"embeddable":true,"href":"https:\/\/www.virluberlu.com\/index.php?rest_route=\/wp\/v2\/users\/4"}],"replies":[{"embeddable":true,"href":"https:\/\/www.virluberlu.com\/index.php?rest_route=%2Fwp%2Fv2%2Fcomments&post=1300"}],"version-history":[{"count":70,"href":"https:\/\/www.virluberlu.com\/index.php?rest_route=\/wp\/v2\/pages\/1300\/revisions"}],"predecessor-version":[{"id":4435,"href":"https:\/\/www.virluberlu.com\/index.php?rest_route=\/wp\/v2\/pages\/1300\/revisions\/4435"}],"wp:attachment":[{"href":"https:\/\/www.virluberlu.com\/index.php?rest_route=%2Fwp%2Fv2%2Fmedia&parent=1300"}],"curies":[{"name":"wp","href":"https:\/\/api.w.org\/{rel}","templated":true}]}}